
{"id":10010,"date":"2020-03-25T11:53:21","date_gmt":"2020-03-25T10:53:21","guid":{"rendered":"https:\/\/www.fotolab.sk\/blog\/confirm-subscription\/"},"modified":"2020-03-25T11:53:21","modified_gmt":"2020-03-25T10:53:21","slug":"confirm-subscription","status":"publish","type":"page","link":"https:\/\/www.fotolab.sk\/blog\/confirm-subscription\/","title":{"rendered":"Confirm Subscription"},"content":{"rendered":"<p>Thank you!<\/p>\n","protected":false},"excerpt":{"rendered":"<p>Thank you!<\/p>\n","protected":false},"author":1,"featured_media":0,"parent":0,"menu_order":0,"comment_status":"closed","ping_status":"closed","template":"","meta":[],"yoast_head":"<!-- This site is optimized with the Yoast SEO plugin v19.1 - https:\/\/yoast.com\/wordpress\/plugins\/seo\/ -->\n<title>Confirm Subscription - CEWE Fotolab blog<\/title>\n<meta name=\"robots\" content=\"index, follow, max-snippet:-1, max-image-preview:large, max-video-preview:-1\" \/>\n<link rel=\"canonical\" href=\"https:\/\/www.fotolab.sk\/blog\/confirm-subscription\/\" \/>\n<meta property=\"og:locale\" content=\"sk_SK\" \/>\n<meta property=\"og:type\" content=\"article\" \/>\n<meta property=\"og:title\" content=\"Confirm Subscription - CEWE Fotolab blog\" \/>\n<meta property=\"og:description\" content=\"Thank you!\" \/>\n<meta property=\"og:url\" content=\"https:\/\/www.fotolab.sk\/blog\/confirm-subscription\/\" \/>\n<meta property=\"og:site_name\" content=\"CEWE Fotolab blog\" \/>\n<script type=\"application\/ld+json\" class=\"yoast-schema-graph\">{\"@context\":\"https:\/\/schema.org\",\"@graph\":[{\"@type\":\"WebSite\",\"@id\":\"https:\/\/www.fotolab.sk\/blog\/#website\",\"url\":\"https:\/\/www.fotolab.sk\/blog\/\",\"name\":\"CEWE Fotolab blog\",\"description\":\"Blog ur\u010den\u00fd pre fan\u00fa\u0161ikov fotografie a sveta okolo nej.\",\"potentialAction\":[{\"@type\":\"SearchAction\",\"target\":{\"@type\":\"EntryPoint\",\"urlTemplate\":\"https:\/\/www.fotolab.sk\/blog\/?s={search_term_string}\"},\"query-input\":\"required name=search_term_string\"}],\"inLanguage\":\"sk-SK\"},{\"@type\":\"WebPage\",\"@id\":\"https:\/\/www.fotolab.sk\/blog\/confirm-subscription\/#webpage\",\"url\":\"https:\/\/www.fotolab.sk\/blog\/confirm-subscription\/\",\"name\":\"Confirm Subscription - CEWE Fotolab blog\",\"isPartOf\":{\"@id\":\"https:\/\/www.fotolab.sk\/blog\/#website\"},\"datePublished\":\"2020-03-25T10:53:21+00:00\",\"dateModified\":\"2020-03-25T10:53:21+00:00\",\"breadcrumb\":{\"@id\":\"https:\/\/www.fotolab.sk\/blog\/confirm-subscription\/#breadcrumb\"},\"inLanguage\":\"sk-SK\",\"potentialAction\":[{\"@type\":\"ReadAction\",\"target\":[\"https:\/\/www.fotolab.sk\/blog\/confirm-subscription\/\"]}]},{\"@type\":\"BreadcrumbList\",\"@id\":\"https:\/\/www.fotolab.sk\/blog\/confirm-subscription\/#breadcrumb\",\"itemListElement\":[{\"@type\":\"ListItem\",\"position\":1,\"name\":\"Home\",\"item\":\"https:\/\/www.fotolab.sk\/blog\/\"},{\"@type\":\"ListItem\",\"position\":2,\"name\":\"Confirm Subscription\"}]}]}<\/script>\n<!-- \/ Yoast SEO plugin. -->","yoast_head_json":{"title":"Confirm Subscription - CEWE Fotolab blog","robots":{"index":"index","follow":"follow","max-snippet":"max-snippet:-1","max-image-preview":"max-image-preview:large","max-video-preview":"max-video-preview:-1"},"canonical":"https:\/\/www.fotolab.sk\/blog\/confirm-subscription\/","og_locale":"sk_SK","og_type":"article","og_title":"Confirm Subscription - CEWE Fotolab blog","og_description":"Thank you!","og_url":"https:\/\/www.fotolab.sk\/blog\/confirm-subscription\/","og_site_name":"CEWE Fotolab blog","schema":{"@context":"https:\/\/schema.org","@graph":[{"@type":"WebSite","@id":"https:\/\/www.fotolab.sk\/blog\/#website","url":"https:\/\/www.fotolab.sk\/blog\/","name":"CEWE Fotolab blog","description":"Blog ur\u010den\u00fd pre fan\u00fa\u0161ikov fotografie a sveta okolo nej.","potentialAction":[{"@type":"SearchAction","target":{"@type":"EntryPoint","urlTemplate":"https:\/\/www.fotolab.sk\/blog\/?s={search_term_string}"},"query-input":"required name=search_term_string"}],"inLanguage":"sk-SK"},{"@type":"WebPage","@id":"https:\/\/www.fotolab.sk\/blog\/confirm-subscription\/#webpage","url":"https:\/\/www.fotolab.sk\/blog\/confirm-subscription\/","name":"Confirm Subscription - CEWE Fotolab blog","isPartOf":{"@id":"https:\/\/www.fotolab.sk\/blog\/#website"},"datePublished":"2020-03-25T10:53:21+00:00","dateModified":"2020-03-25T10:53:21+00:00","breadcrumb":{"@id":"https:\/\/www.fotolab.sk\/blog\/confirm-subscription\/#breadcrumb"},"inLanguage":"sk-SK","potentialAction":[{"@type":"ReadAction","target":["https:\/\/www.fotolab.sk\/blog\/confirm-subscription\/"]}]},{"@type":"BreadcrumbList","@id":"https:\/\/www.fotolab.sk\/blog\/confirm-subscription\/#breadcrumb","itemListElement":[{"@type":"ListItem","position":1,"name":"Home","item":"https:\/\/www.fotolab.sk\/blog\/"},{"@type":"ListItem","position":2,"name":"Confirm Subscription"}]}]}},"_links":{"self":[{"href":"https:\/\/www.fotolab.sk\/blog\/wp-json\/wp\/v2\/pages\/10010"}],"collection":[{"href":"https:\/\/www.fotolab.sk\/blog\/wp-json\/wp\/v2\/pages"}],"about":[{"href":"https:\/\/www.fotolab.sk\/blog\/wp-json\/wp\/v2\/types\/page"}],"author":[{"embeddable":true,"href":"https:\/\/www.fotolab.sk\/blog\/wp-json\/wp\/v2\/users\/1"}],"replies":[{"embeddable":true,"href":"https:\/\/www.fotolab.sk\/blog\/wp-json\/wp\/v2\/comments?post=10010"}],"version-history":[{"count":0,"href":"https:\/\/www.fotolab.sk\/blog\/wp-json\/wp\/v2\/pages\/10010\/revisions"}],"wp:attachment":[{"href":"https:\/\/www.fotolab.sk\/blog\/wp-json\/wp\/v2\/media?parent=10010"}],"curies":[{"name":"wp","href":"https:\/\/api.w.org\/{rel}","templated":true}]}}